{"id":435,"date":"2026-01-16T18:28:12","date_gmt":"2026-01-16T21:28:12","guid":{"rendered":"https:\/\/bettin.com.ar\/?post_type=product&#038;p=435"},"modified":"2026-01-16T18:28:32","modified_gmt":"2026-01-16T21:28:32","slug":"smart-modulo-wi-fi-730-0876","status":"publish","type":"product","link":"https:\/\/bettin.com.ar\/?product=smart-modulo-wi-fi-730-0876","title":{"rendered":"Smart m\u00f3dulo Wi-Fi (730-0876)"},"content":{"rendered":"<p>Comunicaci\u00f3n a trav\u00e9s de la red WIFI local de 2.4GHZ, genera una red<br \/>\nAP para facilitar la programaci\u00f3n desde la App.<\/p>\n","protected":false},"excerpt":{"rendered":"<p>Comunicaci\u00f3n a trav\u00e9s de la red WIFI local de 2.4GHZ, genera una red AP para facilitar la programaci\u00f3n desde la App.<\/p>\n","protected":false},"featured_media":436,"template":"","meta":{"_kad_post_transparent":"default","_kad_post_title":"","_kad_post_layout":"default","_kad_post_sidebar_id":"","_kad_post_content_style":"default","_kad_post_vertical_padding":"default","_kad_post_feature":"","_kad_post_feature_position":"","_kad_post_header":false,"_kad_post_footer":false,"_kad_post_classname":""},"product_brand":[],"product_cat":[16],"product_tag":[],"class_list":{"0":"post-435","1":"product","2":"type-product","3":"status-publish","4":"has-post-thumbnail","6":"product_cat-sin-categorizar","8":"first","9":"instock","10":"shipping-taxable","11":"purchasable","12":"product-type-simple","13":"entry","14":"content-bg","15":"loop-entry"},"jetpack_sharing_enabled":true,"_links":{"self":[{"href":"https:\/\/bettin.com.ar\/index.php?rest_route=\/wp\/v2\/product\/435","targetHints":{"allow":["GET"]}}],"collection":[{"href":"https:\/\/bettin.com.ar\/index.php?rest_route=\/wp\/v2\/product"}],"about":[{"href":"https:\/\/bettin.com.ar\/index.php?rest_route=\/wp\/v2\/types\/product"}],"wp:featuredmedia":[{"embeddable":true,"href":"https:\/\/bettin.com.ar\/index.php?rest_route=\/wp\/v2\/media\/436"}],"wp:attachment":[{"href":"https:\/\/bettin.com.ar\/index.php?rest_route=%2Fwp%2Fv2%2Fmedia&parent=435"}],"wp:term":[{"taxonomy":"product_brand","embeddable":true,"href":"https:\/\/bettin.com.ar\/index.php?rest_route=%2Fwp%2Fv2%2Fproduct_brand&post=435"},{"taxonomy":"product_cat","embeddable":true,"href":"https:\/\/bettin.com.ar\/index.php?rest_route=%2Fwp%2Fv2%2Fproduct_cat&post=435"},{"taxonomy":"product_tag","embeddable":true,"href":"https:\/\/bettin.com.ar\/index.php?rest_route=%2Fwp%2Fv2%2Fproduct_tag&post=435"}],"curies":[{"name":"wp","href":"https:\/\/api.w.org\/{rel}","templated":true}]}}