{"id":437,"date":"2026-01-16T18:30:34","date_gmt":"2026-01-16T21:30:34","guid":{"rendered":"https:\/\/bettin.com.ar\/?post_type=product&#038;p=437"},"modified":"2026-01-16T18:30:34","modified_gmt":"2026-01-16T21:30:34","slug":"sensor-smart-apertura-plus-740-0899","status":"publish","type":"product","link":"https:\/\/bettin.com.ar\/?product=sensor-smart-apertura-plus-740-0899","title":{"rendered":"Sensor Smart Apertura PLUS (740-0899)"},"content":{"rendered":"<p>Monitorea puertas y ventanas. Bater\u00eda, alcance y supervisi\u00f3n<br \/>\nperi\u00f3dica.<br \/>\nUltra fino: 8,3mm &#8211; 16g \/ Cinta doble lado 3M inclu\u00edda.<br \/>\nLed bicolor: Azul: OK \/ Rojo: Bater\u00eda baja<br \/>\nPLUS = 2X m\u00e1s de autonom\u00eda indicada en lugares con transmisi\u00f3n excesiva.<br \/>\nPilas NO inclu\u00edda: 2xCR2032<br \/>\nAlcance: 100 mts \u00e1reas libres<br \/>\n30 mts con paredes<\/p>\n","protected":false},"excerpt":{"rendered":"<p>Monitorea puertas y ventanas. Bater\u00eda, alcance y supervisi\u00f3n peri\u00f3dica. Ultra fino: 8,3mm &#8211; 16g \/ Cinta doble lado 3M inclu\u00edda. Led bicolor: Azul: OK \/ Rojo: Bater\u00eda baja PLUS = 2X m\u00e1s de autonom\u00eda indicada en lugares con transmisi\u00f3n excesiva. Pilas NO inclu\u00edda: 2xCR2032 Alcance: 100 mts \u00e1reas libres 30 mts con paredes<\/p>\n","protected":false},"featured_media":438,"template":"","meta":{"_kad_post_transparent":"default","_kad_post_title":"","_kad_post_layout":"default","_kad_post_sidebar_id":"","_kad_post_content_style":"default","_kad_post_vertical_padding":"default","_kad_post_feature":"","_kad_post_feature_position":"","_kad_post_header":false,"_kad_post_footer":false,"_kad_post_classname":""},"product_brand":[],"product_cat":[16],"product_tag":[],"class_list":{"0":"post-437","1":"product","2":"type-product","3":"status-publish","4":"has-post-thumbnail","6":"product_cat-sin-categorizar","8":"first","9":"instock","10":"shipping-taxable","11":"purchasable","12":"product-type-simple","13":"entry","14":"content-bg","15":"loop-entry"},"jetpack_sharing_enabled":true,"_links":{"self":[{"href":"https:\/\/bettin.com.ar\/index.php?rest_route=\/wp\/v2\/product\/437","targetHints":{"allow":["GET"]}}],"collection":[{"href":"https:\/\/bettin.com.ar\/index.php?rest_route=\/wp\/v2\/product"}],"about":[{"href":"https:\/\/bettin.com.ar\/index.php?rest_route=\/wp\/v2\/types\/product"}],"wp:featuredmedia":[{"embeddable":true,"href":"https:\/\/bettin.com.ar\/index.php?rest_route=\/wp\/v2\/media\/438"}],"wp:attachment":[{"href":"https:\/\/bettin.com.ar\/index.php?rest_route=%2Fwp%2Fv2%2Fmedia&parent=437"}],"wp:term":[{"taxonomy":"product_brand","embeddable":true,"href":"https:\/\/bettin.com.ar\/index.php?rest_route=%2Fwp%2Fv2%2Fproduct_brand&post=437"},{"taxonomy":"product_cat","embeddable":true,"href":"https:\/\/bettin.com.ar\/index.php?rest_route=%2Fwp%2Fv2%2Fproduct_cat&post=437"},{"taxonomy":"product_tag","embeddable":true,"href":"https:\/\/bettin.com.ar\/index.php?rest_route=%2Fwp%2Fv2%2Fproduct_tag&post=437"}],"curies":[{"name":"wp","href":"https:\/\/api.w.org\/{rel}","templated":true}]}}