{"id":439,"date":"2026-01-16T18:31:54","date_gmt":"2026-01-16T21:31:54","guid":{"rendered":"https:\/\/bettin.com.ar\/?post_type=product&#038;p=439"},"modified":"2026-01-16T18:31:54","modified_gmt":"2026-01-16T21:31:54","slug":"sensor-smart-apertura-lr-shox-pro-740-0779","status":"publish","type":"product","link":"https:\/\/bettin.com.ar\/?product=sensor-smart-apertura-lr-shox-pro-740-0779","title":{"rendered":"Sensor Smart Apertura LR-Shox PRO (740-0779)"},"content":{"rendered":"<p>Detecta apertura, vibraciones e impactos (funci\u00f3n antirrobo).<br \/>\nConfiguraci\u00f3n remota. Ajuste de sensibilidad s\u00edsmica de 5 niveles.<br \/>\nUltra fino: 8,3mm &#8211; 16g \/ Cinta doble lado 3M inclu\u00edda.<br \/>\nLed bicolor: Azul: OK \/ Rojo: Bater\u00eda baja<br \/>\nPilas NO inclu\u00edda: 4xCR2032<br \/>\nDoble comunicaci\u00f3n: Env\u00eda y recibe se\u00f1al (RT-TX)<br \/>\nAlcance: 250 mts \u00e1reas libres<br \/>\n60 mts con paredes<\/p>\n","protected":false},"excerpt":{"rendered":"<p>Detecta apertura, vibraciones e impactos (funci\u00f3n antirrobo). Configuraci\u00f3n remota. Ajuste de sensibilidad s\u00edsmica de 5 niveles. Ultra fino: 8,3mm &#8211; 16g \/ Cinta doble lado 3M inclu\u00edda. Led bicolor: Azul: OK \/ Rojo: Bater\u00eda baja Pilas NO inclu\u00edda: 4xCR2032 Doble comunicaci\u00f3n: Env\u00eda y recibe se\u00f1al (RT-TX) Alcance: 250 mts \u00e1reas libres 60 mts con paredes<\/p>\n","protected":false},"featured_media":438,"template":"","meta":{"_kad_post_transparent":"default","_kad_post_title":"","_kad_post_layout":"default","_kad_post_sidebar_id":"","_kad_post_content_style":"default","_kad_post_vertical_padding":"default","_kad_post_feature":"","_kad_post_feature_position":"","_kad_post_header":false,"_kad_post_footer":false,"_kad_post_classname":""},"product_brand":[],"product_cat":[16],"product_tag":[],"class_list":{"0":"post-439","1":"product","2":"type-product","3":"status-publish","4":"has-post-thumbnail","6":"product_cat-sin-categorizar","8":"first","9":"instock","10":"shipping-taxable","11":"purchasable","12":"product-type-simple","13":"entry","14":"content-bg","15":"loop-entry"},"jetpack_sharing_enabled":true,"_links":{"self":[{"href":"https:\/\/bettin.com.ar\/index.php?rest_route=\/wp\/v2\/product\/439","targetHints":{"allow":["GET"]}}],"collection":[{"href":"https:\/\/bettin.com.ar\/index.php?rest_route=\/wp\/v2\/product"}],"about":[{"href":"https:\/\/bettin.com.ar\/index.php?rest_route=\/wp\/v2\/types\/product"}],"wp:featuredmedia":[{"embeddable":true,"href":"https:\/\/bettin.com.ar\/index.php?rest_route=\/wp\/v2\/media\/438"}],"wp:attachment":[{"href":"https:\/\/bettin.com.ar\/index.php?rest_route=%2Fwp%2Fv2%2Fmedia&parent=439"}],"wp:term":[{"taxonomy":"product_brand","embeddable":true,"href":"https:\/\/bettin.com.ar\/index.php?rest_route=%2Fwp%2Fv2%2Fproduct_brand&post=439"},{"taxonomy":"product_cat","embeddable":true,"href":"https:\/\/bettin.com.ar\/index.php?rest_route=%2Fwp%2Fv2%2Fproduct_cat&post=439"},{"taxonomy":"product_tag","embeddable":true,"href":"https:\/\/bettin.com.ar\/index.php?rest_route=%2Fwp%2Fv2%2Fproduct_tag&post=439"}],"curies":[{"name":"wp","href":"https:\/\/api.w.org\/{rel}","templated":true}]}}