{"id":440,"date":"2026-01-16T18:42:47","date_gmt":"2026-01-16T21:42:47","guid":{"rendered":"https:\/\/bettin.com.ar\/?post_type=product&#038;p=440"},"modified":"2026-01-16T18:42:47","modified_gmt":"2026-01-16T21:42:47","slug":"iman-de-suelo-203-054","status":"publish","type":"product","link":"https:\/\/bettin.com.ar\/?product=iman-de-suelo-203-054","title":{"rendered":"Im\u00e1n de suelo (203-054)"},"content":{"rendered":"<p>Instalaci\u00f3n en el suelo, ideal para puertas met\u00e1licas enrolladas.<br \/>\nDise\u00f1o ultra fino de 3,6mm. de espesor.<\/p>\n","protected":false},"excerpt":{"rendered":"<p>Instalaci\u00f3n en el suelo, ideal para puertas met\u00e1licas enrolladas. Dise\u00f1o ultra fino de 3,6mm. de espesor.<\/p>\n","protected":false},"featured_media":441,"template":"","meta":{"_kad_post_transparent":"default","_kad_post_title":"","_kad_post_layout":"default","_kad_post_sidebar_id":"","_kad_post_content_style":"default","_kad_post_vertical_padding":"default","_kad_post_feature":"","_kad_post_feature_position":"","_kad_post_header":false,"_kad_post_footer":false,"_kad_post_classname":""},"product_brand":[],"product_cat":[16],"product_tag":[],"class_list":{"0":"post-440","1":"product","2":"type-product","3":"status-publish","4":"has-post-thumbnail","6":"product_cat-sin-categorizar","8":"first","9":"instock","10":"shipping-taxable","11":"purchasable","12":"product-type-simple","13":"entry","14":"content-bg","15":"loop-entry"},"jetpack_sharing_enabled":true,"_links":{"self":[{"href":"https:\/\/bettin.com.ar\/index.php?rest_route=\/wp\/v2\/product\/440","targetHints":{"allow":["GET"]}}],"collection":[{"href":"https:\/\/bettin.com.ar\/index.php?rest_route=\/wp\/v2\/product"}],"about":[{"href":"https:\/\/bettin.com.ar\/index.php?rest_route=\/wp\/v2\/types\/product"}],"wp:featuredmedia":[{"embeddable":true,"href":"https:\/\/bettin.com.ar\/index.php?rest_route=\/wp\/v2\/media\/441"}],"wp:attachment":[{"href":"https:\/\/bettin.com.ar\/index.php?rest_route=%2Fwp%2Fv2%2Fmedia&parent=440"}],"wp:term":[{"taxonomy":"product_brand","embeddable":true,"href":"https:\/\/bettin.com.ar\/index.php?rest_route=%2Fwp%2Fv2%2Fproduct_brand&post=440"},{"taxonomy":"product_cat","embeddable":true,"href":"https:\/\/bettin.com.ar\/index.php?rest_route=%2Fwp%2Fv2%2Fproduct_cat&post=440"},{"taxonomy":"product_tag","embeddable":true,"href":"https:\/\/bettin.com.ar\/index.php?rest_route=%2Fwp%2Fv2%2Fproduct_tag&post=440"}],"curies":[{"name":"wp","href":"https:\/\/api.w.org\/{rel}","templated":true}]}}