{"id":443,"date":"2026-01-16T18:45:09","date_gmt":"2026-01-16T21:45:09","guid":{"rendered":"https:\/\/bettin.com.ar\/?post_type=product&#038;p=443"},"modified":"2026-01-16T18:45:09","modified_gmt":"2026-01-16T21:45:09","slug":"smart-sensor-de-presencia-lr-740-0767","status":"publish","type":"product","link":"https:\/\/bettin.com.ar\/?product=smart-sensor-de-presencia-lr-740-0767","title":{"rendered":"Smart Sensor de presencia LR (740-0767)"},"content":{"rendered":"<p>IVP Inal\u00e1mbrico. Detecta presencia a 12Mts.<br \/>\nInmune PET &#8211; 20 Kg configurable. Uso interno y semiabierto.<br \/>\nMonitorea bater\u00eda, alcance y supervisi\u00f3n peri\u00f3dica.<br \/>\nLed bicolor: Azul: OK \/ Rojo: Bater\u00eda baja<br \/>\nTama\u00f1o compacto: 2 \u00e1ngulos de fijaci\u00f3n<br \/>\nPilas NO inclu\u00edda: 2x pilas AA<br \/>\nDoble comunicaci\u00f3n: Env\u00eda y recibe se\u00f1al (RT-TX)<br \/>\nAlcance: 250 mts \u00e1reas libres<br \/>\n60 mts con paredes<\/p>\n","protected":false},"excerpt":{"rendered":"<p>IVP Inal\u00e1mbrico. Detecta presencia a 12Mts. Inmune PET &#8211; 20 Kg configurable. Uso interno y semiabierto. Monitorea bater\u00eda, alcance y supervisi\u00f3n peri\u00f3dica. Led bicolor: Azul: OK \/ Rojo: Bater\u00eda baja Tama\u00f1o compacto: 2 \u00e1ngulos de fijaci\u00f3n Pilas NO inclu\u00edda: 2x pilas AA Doble comunicaci\u00f3n: Env\u00eda y recibe se\u00f1al (RT-TX) Alcance: 250 mts \u00e1reas libres 60&#8230;<\/p>\n","protected":false},"featured_media":58,"template":"","meta":{"_kad_post_transparent":"default","_kad_post_title":"","_kad_post_layout":"default","_kad_post_sidebar_id":"","_kad_post_content_style":"default","_kad_post_vertical_padding":"default","_kad_post_feature":"","_kad_post_feature_position":"","_kad_post_header":false,"_kad_post_footer":false,"_kad_post_classname":""},"product_brand":[],"product_cat":[16],"product_tag":[],"class_list":{"0":"post-443","1":"product","2":"type-product","3":"status-publish","4":"has-post-thumbnail","6":"product_cat-sin-categorizar","8":"first","9":"instock","10":"shipping-taxable","11":"purchasable","12":"product-type-simple","13":"entry","14":"content-bg","15":"loop-entry"},"jetpack_sharing_enabled":true,"_links":{"self":[{"href":"https:\/\/bettin.com.ar\/index.php?rest_route=\/wp\/v2\/product\/443","targetHints":{"allow":["GET"]}}],"collection":[{"href":"https:\/\/bettin.com.ar\/index.php?rest_route=\/wp\/v2\/product"}],"about":[{"href":"https:\/\/bettin.com.ar\/index.php?rest_route=\/wp\/v2\/types\/product"}],"wp:featuredmedia":[{"embeddable":true,"href":"https:\/\/bettin.com.ar\/index.php?rest_route=\/wp\/v2\/media\/58"}],"wp:attachment":[{"href":"https:\/\/bettin.com.ar\/index.php?rest_route=%2Fwp%2Fv2%2Fmedia&parent=443"}],"wp:term":[{"taxonomy":"product_brand","embeddable":true,"href":"https:\/\/bettin.com.ar\/index.php?rest_route=%2Fwp%2Fv2%2Fproduct_brand&post=443"},{"taxonomy":"product_cat","embeddable":true,"href":"https:\/\/bettin.com.ar\/index.php?rest_route=%2Fwp%2Fv2%2Fproduct_cat&post=443"},{"taxonomy":"product_tag","embeddable":true,"href":"https:\/\/bettin.com.ar\/index.php?rest_route=%2Fwp%2Fv2%2Fproduct_tag&post=443"}],"curies":[{"name":"wp","href":"https:\/\/api.w.org\/{rel}","templated":true}]}}