{"id":444,"date":"2026-01-16T18:46:32","date_gmt":"2026-01-16T21:46:32","guid":{"rendered":"https:\/\/bettin.com.ar\/?post_type=product&#038;p=444"},"modified":"2026-01-16T18:46:32","modified_gmt":"2026-01-16T21:46:32","slug":"dispositivo-smart-lr-transmisor-pro-740-0879","status":"publish","type":"product","link":"https:\/\/bettin.com.ar\/?product=dispositivo-smart-lr-transmisor-pro-740-0879","title":{"rendered":"Dispositivo Smart LR Transmisor PRO (740-0879)"},"content":{"rendered":"<p>Transforma los dispositivos cableados en inal\u00e1mbricos,<br \/>\npermitiendo la comunicaci\u00f3n con la Central Smart Alarm.<br \/>\nFino: 8,3 mm &#8211; 16 g \/ Cinta de doble lado 3M inclu\u00edda<br \/>\nLed bicolor: Azul: OK \/ Rojo: Bater\u00eda baja<br \/>\nPilas NO inclu\u00edda: 1x CR2032(opcional) Fuente: 12V 1A (NO inclu\u00edda)<br \/>\nLargo alcance y bidireccional<br \/>\nRepetidor de se\u00f1al RF<\/p>\n","protected":false},"excerpt":{"rendered":"<p>Transforma los dispositivos cableados en inal\u00e1mbricos, permitiendo la comunicaci\u00f3n con la Central Smart Alarm. Fino: 8,3 mm &#8211; 16 g \/ Cinta de doble lado 3M inclu\u00edda Led bicolor: Azul: OK \/ Rojo: Bater\u00eda baja Pilas NO inclu\u00edda: 1x CR2032(opcional) Fuente: 12V 1A (NO inclu\u00edda) Largo alcance y bidireccional Repetidor de se\u00f1al RF<\/p>\n","protected":false},"featured_media":126,"template":"","meta":{"_kad_post_transparent":"default","_kad_post_title":"","_kad_post_layout":"default","_kad_post_sidebar_id":"","_kad_post_content_style":"default","_kad_post_vertical_padding":"default","_kad_post_feature":"","_kad_post_feature_position":"","_kad_post_header":false,"_kad_post_footer":false,"_kad_post_classname":""},"product_brand":[],"product_cat":[16],"product_tag":[],"class_list":{"0":"post-444","1":"product","2":"type-product","3":"status-publish","4":"has-post-thumbnail","6":"product_cat-sin-categorizar","8":"first","9":"instock","10":"shipping-taxable","11":"purchasable","12":"product-type-simple","13":"entry","14":"content-bg","15":"loop-entry"},"jetpack_sharing_enabled":true,"_links":{"self":[{"href":"https:\/\/bettin.com.ar\/index.php?rest_route=\/wp\/v2\/product\/444","targetHints":{"allow":["GET"]}}],"collection":[{"href":"https:\/\/bettin.com.ar\/index.php?rest_route=\/wp\/v2\/product"}],"about":[{"href":"https:\/\/bettin.com.ar\/index.php?rest_route=\/wp\/v2\/types\/product"}],"wp:featuredmedia":[{"embeddable":true,"href":"https:\/\/bettin.com.ar\/index.php?rest_route=\/wp\/v2\/media\/126"}],"wp:attachment":[{"href":"https:\/\/bettin.com.ar\/index.php?rest_route=%2Fwp%2Fv2%2Fmedia&parent=444"}],"wp:term":[{"taxonomy":"product_brand","embeddable":true,"href":"https:\/\/bettin.com.ar\/index.php?rest_route=%2Fwp%2Fv2%2Fproduct_brand&post=444"},{"taxonomy":"product_cat","embeddable":true,"href":"https:\/\/bettin.com.ar\/index.php?rest_route=%2Fwp%2Fv2%2Fproduct_cat&post=444"},{"taxonomy":"product_tag","embeddable":true,"href":"https:\/\/bettin.com.ar\/index.php?rest_route=%2Fwp%2Fv2%2Fproduct_tag&post=444"}],"curies":[{"name":"wp","href":"https:\/\/api.w.org\/{rel}","templated":true}]}}