{"id":445,"date":"2026-01-16T18:49:10","date_gmt":"2026-01-16T21:49:10","guid":{"rendered":"https:\/\/bettin.com.ar\/?post_type=product&#038;p=445"},"modified":"2026-01-16T18:49:10","modified_gmt":"2026-01-16T21:49:10","slug":"smart-teclado-rf-740-0934","status":"publish","type":"product","link":"https:\/\/bettin.com.ar\/?product=smart-teclado-rf-740-0934","title":{"rendered":"Smart teclado RF (740-0934)"},"content":{"rendered":"<p>Armado, Desarmado y Armado Stay (m\u00faltiples particiones),<br \/>\nP\u00e1nico, Coacci\u00f3n, Armado con zonas aisladas, consulta de<br \/>\nestado de Armado Forzado, Disparo PGM (Retenci\u00f3n y pulso),<br \/>\nA\u00f1adir nuevos usuarios<br \/>\nPilas NO inclu\u00edda: 3x CR2032<br \/>\nFrecuencia: 315Mhz<\/p>\n","protected":false},"excerpt":{"rendered":"<p>Armado, Desarmado y Armado Stay (m\u00faltiples particiones), P\u00e1nico, Coacci\u00f3n, Armado con zonas aisladas, consulta de estado de Armado Forzado, Disparo PGM (Retenci\u00f3n y pulso), A\u00f1adir nuevos usuarios Pilas NO inclu\u00edda: 3x CR2032 Frecuencia: 315Mhz<\/p>\n","protected":false},"featured_media":121,"template":"","meta":{"_kad_post_transparent":"default","_kad_post_title":"","_kad_post_layout":"default","_kad_post_sidebar_id":"","_kad_post_content_style":"default","_kad_post_vertical_padding":"default","_kad_post_feature":"","_kad_post_feature_position":"","_kad_post_header":false,"_kad_post_footer":false,"_kad_post_classname":""},"product_brand":[],"product_cat":[16],"product_tag":[],"class_list":{"0":"post-445","1":"product","2":"type-product","3":"status-publish","4":"has-post-thumbnail","6":"product_cat-sin-categorizar","8":"first","9":"instock","10":"shipping-taxable","11":"purchasable","12":"product-type-simple","13":"entry","14":"content-bg","15":"loop-entry"},"jetpack_sharing_enabled":true,"_links":{"self":[{"href":"https:\/\/bettin.com.ar\/index.php?rest_route=\/wp\/v2\/product\/445","targetHints":{"allow":["GET"]}}],"collection":[{"href":"https:\/\/bettin.com.ar\/index.php?rest_route=\/wp\/v2\/product"}],"about":[{"href":"https:\/\/bettin.com.ar\/index.php?rest_route=\/wp\/v2\/types\/product"}],"wp:featuredmedia":[{"embeddable":true,"href":"https:\/\/bettin.com.ar\/index.php?rest_route=\/wp\/v2\/media\/121"}],"wp:attachment":[{"href":"https:\/\/bettin.com.ar\/index.php?rest_route=%2Fwp%2Fv2%2Fmedia&parent=445"}],"wp:term":[{"taxonomy":"product_brand","embeddable":true,"href":"https:\/\/bettin.com.ar\/index.php?rest_route=%2Fwp%2Fv2%2Fproduct_brand&post=445"},{"taxonomy":"product_cat","embeddable":true,"href":"https:\/\/bettin.com.ar\/index.php?rest_route=%2Fwp%2Fv2%2Fproduct_cat&post=445"},{"taxonomy":"product_tag","embeddable":true,"href":"https:\/\/bettin.com.ar\/index.php?rest_route=%2Fwp%2Fv2%2Fproduct_tag&post=445"}],"curies":[{"name":"wp","href":"https:\/\/api.w.org\/{rel}","templated":true}]}}