{"id":448,"date":"2026-01-18T21:22:31","date_gmt":"2026-01-19T00:22:31","guid":{"rendered":"https:\/\/bettin.com.ar\/?post_type=product&#038;p=448"},"modified":"2026-01-18T21:22:31","modified_gmt":"2026-01-19T00:22:31","slug":"control-remoto-de-8-botones-740-0786","status":"publish","type":"product","link":"https:\/\/bettin.com.ar\/?product=control-remoto-de-8-botones-740-0786","title":{"rendered":"Control remoto de 8 botones (740-0786)"},"content":{"rendered":"<p>Armado total \/ Parcial \/ Desarmado \/ P\u00e1nico y coacci\u00f3n \/ Comando<br \/>\nde 2 PGM\u2019s de la central\/panel.<br \/>\nUltra fino: 7,9 mm &#8211; 16 g \/ Monitoreado y nombrable.<br \/>\nTecnolog\u00eda anticlonaci\u00f3n.<\/p>\n<p>Pila NO inclu\u00edda: 1xCR2032<br \/>\nAlcance: 100mts \u00e1reas libres<br \/>\n30mts con paredes<\/p>\n","protected":false},"excerpt":{"rendered":"<p>Armado total \/ Parcial \/ Desarmado \/ P\u00e1nico y coacci\u00f3n \/ Comando de 2 PGM\u2019s de la central\/panel. Ultra fino: 7,9 mm &#8211; 16 g \/ Monitoreado y nombrable. Tecnolog\u00eda anticlonaci\u00f3n. Pila NO inclu\u00edda: 1xCR2032 Alcance: 100mts \u00e1reas libres 30mts con paredes<\/p>\n","protected":false},"featured_media":449,"template":"","meta":{"_kad_post_transparent":"default","_kad_post_title":"","_kad_post_layout":"default","_kad_post_sidebar_id":"","_kad_post_content_style":"default","_kad_post_vertical_padding":"default","_kad_post_feature":"","_kad_post_feature_position":"","_kad_post_header":false,"_kad_post_footer":false,"_kad_post_classname":""},"product_brand":[],"product_cat":[16],"product_tag":[],"class_list":{"0":"post-448","1":"product","2":"type-product","3":"status-publish","4":"has-post-thumbnail","6":"product_cat-sin-categorizar","8":"first","9":"instock","10":"shipping-taxable","11":"purchasable","12":"product-type-simple","13":"entry","14":"content-bg","15":"loop-entry"},"jetpack_sharing_enabled":true,"_links":{"self":[{"href":"https:\/\/bettin.com.ar\/index.php?rest_route=\/wp\/v2\/product\/448","targetHints":{"allow":["GET"]}}],"collection":[{"href":"https:\/\/bettin.com.ar\/index.php?rest_route=\/wp\/v2\/product"}],"about":[{"href":"https:\/\/bettin.com.ar\/index.php?rest_route=\/wp\/v2\/types\/product"}],"wp:featuredmedia":[{"embeddable":true,"href":"https:\/\/bettin.com.ar\/index.php?rest_route=\/wp\/v2\/media\/449"}],"wp:attachment":[{"href":"https:\/\/bettin.com.ar\/index.php?rest_route=%2Fwp%2Fv2%2Fmedia&parent=448"}],"wp:term":[{"taxonomy":"product_brand","embeddable":true,"href":"https:\/\/bettin.com.ar\/index.php?rest_route=%2Fwp%2Fv2%2Fproduct_brand&post=448"},{"taxonomy":"product_cat","embeddable":true,"href":"https:\/\/bettin.com.ar\/index.php?rest_route=%2Fwp%2Fv2%2Fproduct_cat&post=448"},{"taxonomy":"product_tag","embeddable":true,"href":"https:\/\/bettin.com.ar\/index.php?rest_route=%2Fwp%2Fv2%2Fproduct_tag&post=448"}],"curies":[{"name":"wp","href":"https:\/\/api.w.org\/{rel}","templated":true}]}}